{"id":2550,"date":"2026-02-12T15:57:51","date_gmt":"2026-02-12T15:57:51","guid":{"rendered":"https:\/\/ambar-ocean.com\/?page_id=2550"},"modified":"2026-02-12T16:00:00","modified_gmt":"2026-02-12T16:00:00","slug":"politica-de-privacidad","status":"publish","type":"page","link":"https:\/\/ambar-ocean.com\/?page_id=2550","title":{"rendered":"Pol\u00edtica de Privacidad"},"content":{"rendered":"\t\t<div data-elementor-type=\"wp-page\" data-elementor-id=\"2550\" class=\"elementor elementor-2550\">\n\t\t\t\t<div class=\"elementor-element elementor-element-4fe5fe9 e-flex e-con-boxed e-con e-parent\" data-id=\"4fe5fe9\" data-element_type=\"container\" data-e-type=\"container\" id=\"aviso-legal\">\n\t\t\t\t\t<div class=\"e-con-inner\">\n\t\t\t\t<div class=\"elementor-element elementor-element-3422729e elementor-widget elementor-widget-text-editor\" data-id=\"3422729e\" data-element_type=\"widget\" data-e-type=\"widget\" data-widget_type=\"text-editor.default\">\n\t\t\t\t<div class=\"elementor-widget-container\">\n\t\t\t\t\t\t\t\t\t\n<p><strong>Responsable del tratamiento:<\/strong> \u00c1mbar Ocean, S.L.<br \/><strong>Finalidad:<\/strong> Gestionar las solicitudes de informaci\u00f3n recibidas a trav\u00e9s del formulario de contacto.<br \/><strong>Legitimaci\u00f3n:<\/strong> El consentimiento del interesado al marcar la casilla de aceptaci\u00f3n.<br \/><strong>Destinatarios:<\/strong> No se ceder\u00e1n datos a terceros salvo obligaci\u00f3n legal.<br \/><strong>Derechos:<\/strong> Puedes acceder, rectificar y suprimir tus datos, as\u00ed como otros derechos, enviando un correo a info@ambar-ocean.com.<br \/><strong>Plazo de conservaci\u00f3n:<\/strong> Los datos se conservar\u00e1n mientras se mantenga la relaci\u00f3n comercial o durante los a\u00f1os necesarios para cumplir con las obligaciones legales.<\/p>\t\t\t\t\t\t\t\t<\/div>\n\t\t\t\t<\/div>\n\t\t\t\t\t<\/div>\n\t\t\t\t<\/div>\n\t\t\t\t<\/div>\n\t\t","protected":false},"excerpt":{"rendered":"<p>Responsable del tratamiento: \u00c1mbar Ocean, S.L.Finalidad: Gestionar las solicitudes de informaci\u00f3n recibidas a trav\u00e9s del formulario de contacto.Legitimaci\u00f3n: El consentimiento del interesado al marcar la casilla de aceptaci\u00f3n.Destinatarios: No se ceder\u00e1n datos a terceros salvo obligaci\u00f3n legal.Derechos: Puedes acceder, rectificar y suprimir tus datos, as\u00ed como otros derechos, enviando un correo a info@ambar-ocean.com.Plazo de conservaci\u00f3n: [&hellip;]<\/p>\n","protected":false},"author":2,"featured_media":0,"parent":0,"menu_order":0,"comment_status":"closed","ping_status":"open","template":"","meta":{"site-sidebar-layout":"default","site-content-layout":"","ast-site-content-layout":"default","site-content-style":"default","site-sidebar-style":"default","ast-global-header-display":"","ast-banner-title-visibility":"","ast-main-header-display":"","ast-hfb-above-header-display":"","ast-hfb-below-header-display":"","ast-hfb-mobile-header-display":"","site-post-title":"","ast-breadcrumbs-content":"","ast-featured-img":"","footer-sml-layout":"","ast-disable-related-posts":"","theme-transparent-header-meta":"","adv-header-id-meta":"","stick-header-meta":"","header-above-stick-meta":"","header-main-stick-meta":"","header-below-stick-meta":"","astra-migrate-meta-layouts":"set","ast-page-background-enabled":"default","ast-page-background-meta":{"desktop":{"background-color":"","background-image":"","background-repeat":"repeat","background-position":"center center","background-size":"auto","background-attachment":"scroll","background-type":"","background-media":"","overlay-type":"","overlay-color":"","overlay-opacity":"","overlay-gradient":""},"tablet":{"background-color":"","background-image":"","background-repeat":"repeat","background-position":"center center","background-size":"auto","background-attachment":"scroll","background-type":"","background-media":"","overlay-type":"","overlay-color":"","overlay-opacity":"","overlay-gradient":""},"mobile":{"background-color":"","background-image":"","background-repeat":"repeat","background-position":"center center","background-size":"auto","background-attachment":"scroll","background-type":"","background-media":"","overlay-type":"","overlay-color":"","overlay-opacity":"","overlay-gradient":""}},"ast-content-background-meta":{"desktop":{"background-color":"var(--ast-global-color-5)","background-image":"","background-repeat":"repeat","background-position":"center center","background-size":"auto","background-attachment":"scroll","background-type":"","background-media":"","overlay-type":"","overlay-color":"","overlay-opacity":"","overlay-gradient":""},"tablet":{"background-color":"var(--ast-global-color-5)","background-image":"","background-repeat":"repeat","background-position":"center center","background-size":"auto","background-attachment":"scroll","background-type":"","background-media":"","overlay-type":"","overlay-color":"","overlay-opacity":"","overlay-gradient":""},"mobile":{"background-color":"var(--ast-global-color-5)","background-image":"","background-repeat":"repeat","background-position":"center center","background-size":"auto","background-attachment":"scroll","background-type":"","background-media":"","overlay-type":"","overlay-color":"","overlay-opacity":"","overlay-gradient":""}},"footnotes":""},"class_list":["post-2550","page","type-page","status-publish","hentry"],"_links":{"self":[{"href":"https:\/\/ambar-ocean.com\/index.php?rest_route=\/wp\/v2\/pages\/2550","targetHints":{"allow":["GET"]}}],"collection":[{"href":"https:\/\/ambar-ocean.com\/index.php?rest_route=\/wp\/v2\/pages"}],"about":[{"href":"https:\/\/ambar-ocean.com\/index.php?rest_route=\/wp\/v2\/types\/page"}],"author":[{"embeddable":true,"href":"https:\/\/ambar-ocean.com\/index.php?rest_route=\/wp\/v2\/users\/2"}],"replies":[{"embeddable":true,"href":"https:\/\/ambar-ocean.com\/index.php?rest_route=%2Fwp%2Fv2%2Fcomments&post=2550"}],"version-history":[{"count":4,"href":"https:\/\/ambar-ocean.com\/index.php?rest_route=\/wp\/v2\/pages\/2550\/revisions"}],"predecessor-version":[{"id":2554,"href":"https:\/\/ambar-ocean.com\/index.php?rest_route=\/wp\/v2\/pages\/2550\/revisions\/2554"}],"wp:attachment":[{"href":"https:\/\/ambar-ocean.com\/index.php?rest_route=%2Fwp%2Fv2%2Fmedia&parent=2550"}],"curies":[{"name":"wp","href":"https:\/\/api.w.org\/{rel}","templated":true}]}}