{"id":2557,"date":"2026-02-12T16:01:48","date_gmt":"2026-02-12T16:01:48","guid":{"rendered":"https:\/\/ambar-ocean.com\/?page_id=2557"},"modified":"2026-02-12T16:31:08","modified_gmt":"2026-02-12T16:31:08","slug":"politica-de-cookies","status":"publish","type":"page","link":"https:\/\/ambar-ocean.com\/?page_id=2557","title":{"rendered":"Pol\u00edtica de Cookies"},"content":{"rendered":"\t\t<div data-elementor-type=\"wp-page\" data-elementor-id=\"2557\" class=\"elementor elementor-2557\">\n\t\t\t\t<div class=\"elementor-element elementor-element-4fe5fe9 e-flex e-con-boxed e-con e-parent\" data-id=\"4fe5fe9\" data-element_type=\"container\" data-e-type=\"container\" id=\"aviso-legal\">\n\t\t\t\t\t<div class=\"e-con-inner\">\n\t\t\t\t<div class=\"elementor-element elementor-element-3422729e elementor-widget elementor-widget-text-editor\" data-id=\"3422729e\" data-element_type=\"widget\" data-e-type=\"widget\" data-widget_type=\"text-editor.default\">\n\t\t\t\t<div class=\"elementor-widget-container\">\n\t\t\t\t\t\t\t\t\t\n<p><strong>Este sitio web utiliza cookies propias y de terceros para mejorar la experiencia de navegaci\u00f3n.<\/strong><\/p>\n<p><strong>Cookies T\u00e9cnicas:<\/strong> Necesarias para el funcionamiento de la web (WordPress).<\/p>\n<p><strong>Cookies Anal\u00edticas:<\/strong> (Si usas Google Analytics) Permiten medir el n\u00famero de visitas.<br \/>El usuario puede configurar su navegador para bloquear o eliminar las cookies en cualquier momento a trav\u00e9s de la configuraci\u00f3n de su navegador (Chrome, Firefox, Safari, etc.).<\/p>\t\t\t\t\t\t\t\t<\/div>\n\t\t\t\t<\/div>\n\t\t\t\t\t<\/div>\n\t\t\t\t<\/div>\n\t\t\t\t<\/div>\n\t\t","protected":false},"excerpt":{"rendered":"<p>Este sitio web utiliza cookies propias y de terceros para mejorar la experiencia de navegaci\u00f3n. Cookies T\u00e9cnicas: Necesarias para el funcionamiento de la web (WordPress). Cookies Anal\u00edticas: (Si usas Google Analytics) Permiten medir el n\u00famero de visitas.El usuario puede configurar su navegador para bloquear o eliminar las cookies en cualquier momento a trav\u00e9s de la [&hellip;]<\/p>\n","protected":false},"author":2,"featured_media":0,"parent":0,"menu_order":0,"comment_status":"closed","ping_status":"closed","template":"","meta":{"site-sidebar-layout":"default","site-content-layout":"","ast-site-content-layout":"default","site-content-style":"default","site-sidebar-style":"default","ast-global-header-display":"","ast-banner-title-visibility":"","ast-main-header-display":"","ast-hfb-above-header-display":"","ast-hfb-below-header-display":"","ast-hfb-mobile-header-display":"","site-post-title":"","ast-breadcrumbs-content":"","ast-featured-img":"","footer-sml-layout":"","ast-disable-related-posts":"","theme-transparent-header-meta":"","adv-header-id-meta":"","stick-header-meta":"","header-above-stick-meta":"","header-main-stick-meta":"","header-below-stick-meta":"","astra-migrate-meta-layouts":"set","ast-page-background-enabled":"default","ast-page-background-meta":{"desktop":{"background-color":"","background-image":"","background-repeat":"repeat","background-position":"center center","background-size":"auto","background-attachment":"scroll","background-type":"","background-media":"","overlay-type":"","overlay-color":"","overlay-opacity":"","overlay-gradient":""},"tablet":{"background-color":"","background-image":"","background-repeat":"repeat","background-position":"center center","background-size":"auto","background-attachment":"scroll","background-type":"","background-media":"","overlay-type":"","overlay-color":"","overlay-opacity":"","overlay-gradient":""},"mobile":{"background-color":"","background-image":"","background-repeat":"repeat","background-position":"center center","background-size":"auto","background-attachment":"scroll","background-type":"","background-media":"","overlay-type":"","overlay-color":"","overlay-opacity":"","overlay-gradient":""}},"ast-content-background-meta":{"desktop":{"background-color":"var(--ast-global-color-5)","background-image":"","background-repeat":"repeat","background-position":"center center","background-size":"auto","background-attachment":"scroll","background-type":"","background-media":"","overlay-type":"","overlay-color":"","overlay-opacity":"","overlay-gradient":""},"tablet":{"background-color":"var(--ast-global-color-5)","background-image":"","background-repeat":"repeat","background-position":"center center","background-size":"auto","background-attachment":"scroll","background-type":"","background-media":"","overlay-type":"","overlay-color":"","overlay-opacity":"","overlay-gradient":""},"mobile":{"background-color":"var(--ast-global-color-5)","background-image":"","background-repeat":"repeat","background-position":"center center","background-size":"auto","background-attachment":"scroll","background-type":"","background-media":"","overlay-type":"","overlay-color":"","overlay-opacity":"","overlay-gradient":""}},"footnotes":""},"class_list":["post-2557","page","type-page","status-publish","hentry"],"_links":{"self":[{"href":"https:\/\/ambar-ocean.com\/index.php?rest_route=\/wp\/v2\/pages\/2557","targetHints":{"allow":["GET"]}}],"collection":[{"href":"https:\/\/ambar-ocean.com\/index.php?rest_route=\/wp\/v2\/pages"}],"about":[{"href":"https:\/\/ambar-ocean.com\/index.php?rest_route=\/wp\/v2\/types\/page"}],"author":[{"embeddable":true,"href":"https:\/\/ambar-ocean.com\/index.php?rest_route=\/wp\/v2\/users\/2"}],"replies":[{"embeddable":true,"href":"https:\/\/ambar-ocean.com\/index.php?rest_route=%2Fwp%2Fv2%2Fcomments&post=2557"}],"version-history":[{"count":5,"href":"https:\/\/ambar-ocean.com\/index.php?rest_route=\/wp\/v2\/pages\/2557\/revisions"}],"predecessor-version":[{"id":2572,"href":"https:\/\/ambar-ocean.com\/index.php?rest_route=\/wp\/v2\/pages\/2557\/revisions\/2572"}],"wp:attachment":[{"href":"https:\/\/ambar-ocean.com\/index.php?rest_route=%2Fwp%2Fv2%2Fmedia&parent=2557"}],"curies":[{"name":"wp","href":"https:\/\/api.w.org\/{rel}","templated":true}]}}