{"id":3,"date":"2026-01-31T20:25:46","date_gmt":"2026-01-31T20:25:46","guid":{"rendered":"https:\/\/ambar-ocean.com\/?page_id=3"},"modified":"2026-02-12T16:31:27","modified_gmt":"2026-02-12T16:31:27","slug":"privacy-policy","status":"publish","type":"page","link":"https:\/\/ambar-ocean.com\/?page_id=3","title":{"rendered":"Aviso Legal"},"content":{"rendered":"\t\t<div data-elementor-type=\"wp-page\" data-elementor-id=\"3\" class=\"elementor elementor-3\">\n\t\t\t\t<div class=\"elementor-element elementor-element-4fe5fe9 e-flex e-con-boxed e-con e-parent\" data-id=\"4fe5fe9\" data-element_type=\"container\" data-e-type=\"container\" id=\"aviso-legal\">\n\t\t\t\t\t<div class=\"e-con-inner\">\n\t\t\t\t<div class=\"elementor-element elementor-element-3422729e elementor-widget elementor-widget-text-editor\" data-id=\"3422729e\" data-element_type=\"widget\" data-e-type=\"widget\" data-widget_type=\"text-editor.default\">\n\t\t\t\t<div class=\"elementor-widget-container\">\n\t\t\t\t\t\t\t\t\t\n<p><strong>Titular de la web:<\/strong> \u00c1mbar Ocean, S.L.<br \/><strong>NIF:<\/strong> B83638386<br \/><strong>Domicilio:<\/strong> Calle Santa Mar\u00eda Magdalena, 9, 28016 Madrid (Espa\u00f1a).<br \/><strong>Datos Registrales:<\/strong> Inscrita en el Registro Mercantil de Madrid, el 14 de mayo del 2003, en el Tomo XXXXX, Folio XXXXX, Secci\u00f3n XXXXX, Hoja XXXXX.<br \/><strong>Contacto:<\/strong> info@ambar-ocean.com<\/p>\n<p>\u00a0<\/p>\n<p>Este sitio web tiene por objeto informar sobre los servicios de gesti\u00f3n patrimonial y consultor\u00eda de \u00c1mbar Ocean, S.L. El uso de esta web atribuye la condici\u00f3n de usuario e implica la aceptaci\u00f3n de los t\u00e9rminos aqu\u00ed expuestos. La propiedad intelectual de los contenidos pertenece a la sociedad titular.<\/p>\n\n<p>\u00a0<\/p>\t\t\t\t\t\t\t\t<\/div>\n\t\t\t\t<\/div>\n\t\t\t\t\t<\/div>\n\t\t\t\t<\/div>\n\t\t\t\t<\/div>\n\t\t","protected":false},"excerpt":{"rendered":"<p>Titular de la web: \u00c1mbar Ocean, S.L.NIF: B83638386Domicilio: Calle Santa Mar\u00eda Magdalena, 9, 28016 Madrid (Espa\u00f1a).Datos Registrales: Inscrita en el Registro Mercantil de Madrid, el 14 de mayo del 2003, en el Tomo XXXXX, Folio XXXXX, Secci\u00f3n XXXXX, Hoja XXXXX.Contacto: info@ambar-ocean.com \u00a0 Este sitio web tiene por objeto informar sobre los servicios de gesti\u00f3n patrimonial [&hellip;]<\/p>\n","protected":false},"author":2,"featured_media":0,"parent":0,"menu_order":0,"comment_status":"closed","ping_status":"closed","template":"","meta":{"site-sidebar-layout":"default","site-content-layout":"","ast-site-content-layout":"default","site-content-style":"default","site-sidebar-style":"default","ast-global-header-display":"","ast-banner-title-visibility":"","ast-main-header-display":"","ast-hfb-above-header-display":"","ast-hfb-below-header-display":"","ast-hfb-mobile-header-display":"","site-post-title":"","ast-breadcrumbs-content":"","ast-featured-img":"","footer-sml-layout":"","ast-disable-related-posts":"","theme-transparent-header-meta":"","adv-header-id-meta":"","stick-header-meta":"","header-above-stick-meta":"","header-main-stick-meta":"","header-below-stick-meta":"","astra-migrate-meta-layouts":"set","ast-page-background-enabled":"default","ast-page-background-meta":{"desktop":{"background-color":"","background-image":"","background-repeat":"repeat","background-position":"center center","background-size":"auto","background-attachment":"scroll","background-type":"","background-media":"","overlay-type":"","overlay-color":"","overlay-opacity":"","overlay-gradient":""},"tablet":{"background-color":"","background-image":"","background-repeat":"repeat","background-position":"center center","background-size":"auto","background-attachment":"scroll","background-type":"","background-media":"","overlay-type":"","overlay-color":"","overlay-opacity":"","overlay-gradient":""},"mobile":{"background-color":"","background-image":"","background-repeat":"repeat","background-position":"center center","background-size":"auto","background-attachment":"scroll","background-type":"","background-media":"","overlay-type":"","overlay-color":"","overlay-opacity":"","overlay-gradient":""}},"ast-content-background-meta":{"desktop":{"background-color":"var(--ast-global-color-5)","background-image":"","background-repeat":"repeat","background-position":"center center","background-size":"auto","background-attachment":"scroll","background-type":"","background-media":"","overlay-type":"","overlay-color":"","overlay-opacity":"","overlay-gradient":""},"tablet":{"background-color":"var(--ast-global-color-5)","background-image":"","background-repeat":"repeat","background-position":"center center","background-size":"auto","background-attachment":"scroll","background-type":"","background-media":"","overlay-type":"","overlay-color":"","overlay-opacity":"","overlay-gradient":""},"mobile":{"background-color":"var(--ast-global-color-5)","background-image":"","background-repeat":"repeat","background-position":"center center","background-size":"auto","background-attachment":"scroll","background-type":"","background-media":"","overlay-type":"","overlay-color":"","overlay-opacity":"","overlay-gradient":""}},"footnotes":""},"class_list":["post-3","page","type-page","status-publish","hentry"],"_links":{"self":[{"href":"https:\/\/ambar-ocean.com\/index.php?rest_route=\/wp\/v2\/pages\/3","targetHints":{"allow":["GET"]}}],"collection":[{"href":"https:\/\/ambar-ocean.com\/index.php?rest_route=\/wp\/v2\/pages"}],"about":[{"href":"https:\/\/ambar-ocean.com\/index.php?rest_route=\/wp\/v2\/types\/page"}],"author":[{"embeddable":true,"href":"https:\/\/ambar-ocean.com\/index.php?rest_route=\/wp\/v2\/users\/2"}],"replies":[{"embeddable":true,"href":"https:\/\/ambar-ocean.com\/index.php?rest_route=%2Fwp%2Fv2%2Fcomments&post=3"}],"version-history":[{"count":5,"href":"https:\/\/ambar-ocean.com\/index.php?rest_route=\/wp\/v2\/pages\/3\/revisions"}],"predecessor-version":[{"id":2548,"href":"https:\/\/ambar-ocean.com\/index.php?rest_route=\/wp\/v2\/pages\/3\/revisions\/2548"}],"wp:attachment":[{"href":"https:\/\/ambar-ocean.com\/index.php?rest_route=%2Fwp%2Fv2%2Fmedia&parent=3"}],"curies":[{"name":"wp","href":"https:\/\/api.w.org\/{rel}","templated":true}]}}